{"id":886,"date":"2021-07-09T10:16:33","date_gmt":"2021-07-09T10:16:33","guid":{"rendered":"http:\/\/192.168.0.111:92\/index.php\/contact\/"},"modified":"2024-08-19T05:56:44","modified_gmt":"2024-08-19T05:56:44","slug":"kontakt","status":"publish","type":"page","link":"https:\/\/www.wegalh.sk\/index.php\/kontakt\/","title":{"rendered":"Kontakt"},"content":{"rendered":"\t\t<div data-elementor-type=\"wp-page\" data-elementor-id=\"886\" class=\"elementor elementor-886\" data-elementor-settings=\"{&quot;ha_cmc_init_switcher&quot;:&quot;no&quot;}\">\n\t\t\t\t\t\t<section class=\"ob-is-breaking-bad elementor-section elementor-top-section elementor-element elementor-element-430bdad elementor-section-boxed elementor-section-height-default elementor-section-height-default\" data-id=\"430bdad\" data-element_type=\"section\" data-e-type=\"section\" data-settings=\"{&quot;background_background&quot;:&quot;classic&quot;,&quot;_ob_bbad_use_it&quot;:&quot;yes&quot;,&quot;_ob_bbad_sssic_use&quot;:&quot;no&quot;,&quot;_ob_glider_is_slider&quot;:&quot;no&quot;,&quot;_ha_eqh_enable&quot;:false}\">\n\t\t\t\t\t\t<div class=\"elementor-container elementor-column-gap-no\">\n\t\t\t\t\t<div class=\"elementor-column elementor-col-100 elementor-top-column elementor-element elementor-element-65f3174\" data-id=\"65f3174\" data-element_type=\"column\" data-e-type=\"column\" data-settings=\"{&quot;_ob_bbad_is_stalker&quot;:&quot;no&quot;,&quot;_ob_teleporter_use&quot;:false,&quot;_ob_column_hoveranimator&quot;:&quot;no&quot;,&quot;_ob_column_has_pseudo&quot;:&quot;no&quot;}\">\n\t\t\t<div class=\"elementor-widget-wrap elementor-element-populated\">\n\t\t\t\t\t\t<div class=\"elementor-element elementor-element-d2d883e ob-harakiri-inherit ob-has-background-overlay elementor-widget elementor-widget-heading\" data-id=\"d2d883e\" data-element_type=\"widget\" data-e-type=\"widget\" data-settings=\"{&quot;_ob_use_harakiri&quot;:&quot;yes&quot;,&quot;_ob_harakiri_writing_mode&quot;:&quot;inherit&quot;,&quot;_ob_harakiri_text_clip&quot;:&quot;none&quot;,&quot;_ob_perspektive_use&quot;:&quot;no&quot;,&quot;_ob_poopart_use&quot;:&quot;yes&quot;,&quot;_ob_shadough_use&quot;:&quot;no&quot;,&quot;_ob_allow_hoveranimator&quot;:&quot;no&quot;,&quot;_ob_widget_stalker_use&quot;:&quot;no&quot;}\" data-widget_type=\"heading.default\">\n\t\t\t\t<div class=\"elementor-widget-container\">\n\t\t\t\t\t<h1 class=\"elementor-heading-title elementor-size-default\">KONTAKT<\/h1>\t\t\t\t<\/div>\n\t\t\t\t<\/div>\n\t\t\t\t\t<\/div>\n\t\t<\/div>\n\t\t\t\t\t<\/div>\n\t\t<\/section>\n\t\t\t\t<section class=\"ob-is-breaking-bad elementor-section elementor-top-section elementor-element elementor-element-a52906e elementor-section-boxed elementor-section-height-default elementor-section-height-default\" data-id=\"a52906e\" data-element_type=\"section\" data-e-type=\"section\" data-settings=\"{&quot;background_background&quot;:&quot;classic&quot;,&quot;_ob_bbad_use_it&quot;:&quot;yes&quot;,&quot;_ob_bbad_sssic_use&quot;:&quot;no&quot;,&quot;_ob_glider_is_slider&quot;:&quot;no&quot;,&quot;_ha_eqh_enable&quot;:false}\">\n\t\t\t\t\t\t<div class=\"elementor-container elementor-column-gap-default\">\n\t\t\t\t\t<div class=\"elementor-column elementor-col-100 elementor-top-column elementor-element elementor-element-bf1a2ba\" data-id=\"bf1a2ba\" data-element_type=\"column\" data-e-type=\"column\" data-settings=\"{&quot;_ob_bbad_is_stalker&quot;:&quot;no&quot;,&quot;_ob_teleporter_use&quot;:false,&quot;_ob_column_hoveranimator&quot;:&quot;no&quot;,&quot;_ob_column_has_pseudo&quot;:&quot;no&quot;}\">\n\t\t\t<div class=\"elementor-widget-wrap elementor-element-populated\">\n\t\t\t\t\t\t<div class=\"elementor-element elementor-element-e53056e elementor-widget-divider--separator-type-pattern elementor-widget-divider--no-spacing elementor-widget-divider--view-line ob-has-background-overlay elementor-widget elementor-widget-divider\" data-id=\"e53056e\" data-element_type=\"widget\" data-e-type=\"widget\" data-settings=\"{&quot;_ob_perspektive_use&quot;:&quot;no&quot;,&quot;_ob_poopart_use&quot;:&quot;yes&quot;,&quot;_ob_shadough_use&quot;:&quot;no&quot;,&quot;_ob_allow_hoveranimator&quot;:&quot;no&quot;,&quot;_ob_widget_stalker_use&quot;:&quot;no&quot;}\" data-widget_type=\"divider.default\">\n\t\t\t\t<div class=\"elementor-widget-container\">\n\t\t\t\t\t\t\t<div class=\"elementor-divider\" style=\"--divider-pattern-url: url(&quot;data:image\/svg+xml,%3Csvg xmlns=&#039;http:\/\/www.w3.org\/2000\/svg&#039; preserveAspectRatio=&#039;none&#039; overflow=&#039;visible&#039; height=&#039;100%&#039; viewBox=&#039;0 0 24 24&#039; fill=&#039;black&#039; stroke=&#039;none&#039;%3E%3Cpath d=&#039;M24,8v12H0V8H24z M24,4v1H0V4H24z&#039;\/%3E%3C\/svg%3E&quot;);\">\n\t\t\t<span class=\"elementor-divider-separator\">\n\t\t\t\t\t\t<\/span>\n\t\t<\/div>\n\t\t\t\t\t\t<\/div>\n\t\t\t\t<\/div>\n\t\t\t\t\t<\/div>\n\t\t<\/div>\n\t\t\t\t\t<\/div>\n\t\t<\/section>\n\t\t\t\t<section class=\"ob-is-breaking-bad elementor-section elementor-top-section elementor-element elementor-element-f6b9c6c elementor-section-boxed elementor-section-height-default elementor-section-height-default\" data-id=\"f6b9c6c\" data-element_type=\"section\" data-e-type=\"section\" data-settings=\"{&quot;background_background&quot;:&quot;classic&quot;,&quot;_ha_eqh_enable&quot;:&quot;yes&quot;,&quot;_ha_eqh_widget&quot;:[&quot;html&quot;,&quot;google_maps&quot;],&quot;_ob_bbad_use_it&quot;:&quot;yes&quot;,&quot;_ob_bbad_sssic_use&quot;:&quot;no&quot;,&quot;_ob_glider_is_slider&quot;:&quot;no&quot;,&quot;_ha_eqh_to&quot;:&quot;widget&quot;,&quot;_ha_eqh_disable_on_tablet&quot;:&quot;no&quot;,&quot;_ha_eqh_disable_on_mobile&quot;:&quot;yes&quot;}\">\n\t\t\t\t\t\t<div class=\"elementor-container elementor-column-gap-default\">\n\t\t\t\t\t<div class=\"elementor-column elementor-col-50 elementor-top-column elementor-element elementor-element-be743a6\" data-id=\"be743a6\" data-element_type=\"column\" data-e-type=\"column\" data-settings=\"{&quot;_ob_bbad_is_stalker&quot;:&quot;no&quot;,&quot;_ob_teleporter_use&quot;:false,&quot;_ob_column_hoveranimator&quot;:&quot;no&quot;,&quot;_ob_column_has_pseudo&quot;:&quot;no&quot;}\">\n\t\t\t<div class=\"elementor-widget-wrap elementor-element-populated\">\n\t\t\t\t\t\t<div class=\"elementor-element elementor-element-09489df elementor-widget-tablet__width-initial ob-has-background-overlay elementor-widget elementor-widget-html\" data-id=\"09489df\" data-element_type=\"widget\" data-e-type=\"widget\" data-settings=\"{&quot;_ob_perspektive_use&quot;:&quot;no&quot;,&quot;_ob_poopart_use&quot;:&quot;yes&quot;,&quot;_ob_shadough_use&quot;:&quot;no&quot;,&quot;_ob_allow_hoveranimator&quot;:&quot;no&quot;,&quot;_ob_widget_stalker_use&quot;:&quot;no&quot;}\" data-widget_type=\"html.default\">\n\t\t\t\t<div class=\"elementor-widget-container\">\n\t\t\t\t\t<table style=\"border-collor: black; color: black; font-size: 15px; margin-bottom: 0px; font-family: Roboto, sans-serif;\" border=\"0\" cellspacing=\"0\">\n<tbody>\n<tr>\n<td class=\"ltext\" style=\"padding: 2px; font-size: 15px; font-weight: bold;\" align=\"right\" nowrap=\"nowrap\">Obchodn\u00e9 meno spolo\u010dnosti:<\/td>\n<td class=\"text\" style=\"padding: 2px\">WEGA LH, s.r.o.<\/td>\n<\/tr>\n<tr>\n<td class=\"ltext\" style=\"padding: 2px; font-weight: bold;\" align=\"right\">S\u00eddlo spolo\u010dnosti:<\/td>\n<td class=\"text\" style=\"padding: 2px;\">ul. SNP 750, 033 01 Liptovsk\u00fd Hr\u00e1dok, 49\u00b0 02'18.9\"N 19\u00b0 42'58.0\"E<\/td>\n<\/tr>\n<tr>\n<td class=\"ltext\" style=\"padding: 2px;font-weight: bold;\" align=\"right\" valign=\"top\">Registr\u00e1cia:<\/td>\n<td class=\"text\" style=\"padding: 2px;\">Spolo\u010dnos\u0165 je zap\u00edsan\u00e1 v Obchodnom registri Okresn\u00e9ho s\u00fadu v \u017diline, oddiel Sro, vlo\u017eka \u010d\u00edslo 11976\/L<\/td>\n<\/tr>\n<tr>\n<td class=\"ltext\" style=\"padding: 2px;  font-weight: bold;\" align=\"right\">I\u010cO:<\/td>\n<td class=\"text\" style=\"padding: 2px;\">363 895 61<\/td>\n<\/tr>\n<tr>\n<td class=\"ltext\" style=\"padding: 2px;  font-weight: bold;\" align=\"right\">DI\u010c:<\/td>\n<td class=\"text\" style=\"padding: 2px;\">2020126955<\/td>\n<\/tr>\n<tr>\n<td class=\"ltext\" style=\"padding: 2px;  font-weight: bold;\" align=\"right\">I\u010c DPH:<\/td>\n<td class=\"text\" style=\"padding: 2px;\">SK2020126955<\/td>\n<\/tr>\n<tr>\n<td class=\"ltext\" style=\"padding: 2px;   font-weight: bold;\" align=\"right\" valign=\"top\">Konatelia spolo\u010dnosti:<\/td>\n<td class=\"text\" style=\"padding: 2px;\">Ing. Zolt\u00e1n Kis LENGYEL<br style=\"padding: 0px; margin: 0px;\" \/>Ing. Miroslav TREP\u00c1\u010c <br style=\"padding: 0px; margin: 0px;\" \/>Ing. Jozef CHEBE\u0147<\/td><\/td>\n<\/tr>\n<tr>\n<td class=\"ltext\" style=\"padding: 2px;  font-weight: bold;\" align=\"right\" valign=\"top\">N\u00e1zov banky a \u010d\u00edslo \u00fa\u010dtu:<\/td>\n<td class=\"text\" style=\"padding: 2px;\">Prima&nbsp;banka Slovensko a.s., pobo\u010dka Liptovsk\u00fd Hr\u00e1dok, \u010d. \u00fa\u010dtu: 1617700001\/5600, IBAN: SK34 5600 0000 0016 1770 0001<\/td>\n<\/tr>\n<tr>\n<td class=\"ltext\" style=\"padding: 2px;   font-weight: bold;\" align=\"right\" valign=\"top\">Prev\u00e1dzka:<\/td>\n<td class=\"text\" style=\"padding: 2px;\">ul. SNP 750<br style=\"padding: 0px; margin: 0px;\" \/>P.P. 23<br style=\"padding: 0px; margin: 0px;\" \/>033 01 Liptovsk\u00fd Hr\u00e1dok<\/td>\n<\/tr>\n<tr>\n<td class=\"ltext\" style=\"padding: 2px; font-weight: bold;\" align=\"right\" valign=\"top\">Telef\u00f3n:<\/td>\n<td class=\"text\" style=\"padding: 2px;\">+421 44 5223 263, +421 44 5280 922<br style=\"padding: 0px; margin: 0px;\" \/>+421 903 554 905<\/td>\n<\/tr>\n<tr>\n<td class=\"ltext\" style=\"padding: 2px;  font-weight: bold;\" align=\"right\" valign=\"top\">Telef\u00f3n pre z\u00e1kazn\u00edkov s platnou servisnou zmluvou:<\/td>\n<td class=\"text\" style=\"padding: 2px;\">+421 44 5223 605<br style=\"padding: 0px; margin: 0px;\" \/>+421 44 5223 606<br style=\"padding: 0px; margin: 0px;\" \/>+421 44 5223 607<\/td>\n<\/tr>\n<tr>\n<td class=\"ltext\" style=\"padding: 2px;  font-weight: bold;\" align=\"right\">E-mail:<\/td>\n<td class=\"text\" style=\"padding: 2px;\"><a title=\"wega lh mail\" href=\"mailto:info@wegalh.sk\">info@wegalh.sk<\/a><\/td>\n<\/tr>\n<tr>\n<td class=\"ltext\" style=\"padding: 2px; font-weight: bold;\" align=\"right\">Z\u00e1kazn\u00edcka podpora:<\/td>\n<td class=\"text\" style=\"padding: 2px;\"><a  href=\"https:\/\/support.wegalh.sk\/\">support.wegalh.sk<\/a><\/td>\n<\/tr>\n<\/tbody>\n<\/table>\n\t\t\t\t<\/div>\n\t\t\t\t<\/div>\n\t\t\t\t\t<\/div>\n\t\t<\/div>\n\t\t\t\t<div class=\"elementor-column elementor-col-50 elementor-top-column elementor-element elementor-element-11e4273\" data-id=\"11e4273\" data-element_type=\"column\" data-e-type=\"column\" data-settings=\"{&quot;_ob_bbad_is_stalker&quot;:&quot;no&quot;,&quot;_ob_teleporter_use&quot;:false,&quot;_ob_column_hoveranimator&quot;:&quot;no&quot;,&quot;_ob_column_has_pseudo&quot;:&quot;no&quot;}\">\n\t\t\t<div class=\"elementor-widget-wrap elementor-element-populated\">\n\t\t\t\t\t\t<div class=\"elementor-element elementor-element-7ab140c ob-has-background-overlay elementor-widget elementor-widget-google_maps\" data-id=\"7ab140c\" data-element_type=\"widget\" data-e-type=\"widget\" data-settings=\"{&quot;_ob_perspektive_use&quot;:&quot;no&quot;,&quot;_ob_poopart_use&quot;:&quot;yes&quot;,&quot;_ob_shadough_use&quot;:&quot;no&quot;,&quot;_ob_allow_hoveranimator&quot;:&quot;no&quot;,&quot;_ob_widget_stalker_use&quot;:&quot;no&quot;}\" data-widget_type=\"google_maps.default\">\n\t\t\t\t<div class=\"elementor-widget-container\">\n\t\t\t\t\t\t\t<div class=\"elementor-custom-embed\">\n\t\t\t<iframe loading=\"lazy\"\n\t\t\t\t\tsrc=\"https:\/\/maps.google.com\/maps?q=Wega%20LH%20s.r.o%2C%20%09ul.%20SNP%20750%2C%20033%2001%20Liptovsk%C3%BD%20Hr%C3%A1dok&#038;t=m&#038;z=12&#038;output=embed&#038;iwloc=near\"\n\t\t\t\t\ttitle=\"Wega LH s.r.o, \tul. SNP 750, 033 01 Liptovsk\u00fd Hr\u00e1dok\"\n\t\t\t\t\taria-label=\"Wega LH s.r.o, \tul. SNP 750, 033 01 Liptovsk\u00fd Hr\u00e1dok\"\n\t\t\t><\/iframe>\n\t\t<\/div>\n\t\t\t\t\t\t<\/div>\n\t\t\t\t<\/div>\n\t\t\t\t\t<\/div>\n\t\t<\/div>\n\t\t\t\t\t<\/div>\n\t\t<\/section>\n\t\t\t\t<\/div>\n\t\t","protected":false},"excerpt":{"rendered":"<p>KONTAKT Obchodn\u00e9 meno spolo\u010dnosti: WEGA LH, s.r.o. S\u00eddlo spolo\u010dnosti: ul. SNP 750, 033 01 Liptovsk\u00fd Hr\u00e1dok, 49\u00b0 02&#8217;18.9&#8243;N 19\u00b0 42&#8217;58.0&#8243;E [&hellip;]<\/p>\n","protected":false},"author":2,"featured_media":0,"parent":0,"menu_order":0,"comment_status":"closed","ping_status":"closed","template":"","meta":{"site-sidebar-layout":"no-sidebar","site-content-layout":"page-builder","ast-site-content-layout":"default","site-content-style":"default","site-sidebar-style":"default","ast-global-header-display":"","ast-banner-title-visibility":"","ast-main-header-display":"","ast-hfb-above-header-display":"","ast-hfb-below-header-display":"","ast-hfb-mobile-header-display":"","site-post-title":"disabled","ast-breadcrumbs-content":"disabled","ast-featured-img":"disabled","footer-sml-layout":"","ast-disable-related-posts":"","theme-transparent-header-meta":"enabled","adv-header-id-meta":"","stick-header-meta":"","header-above-stick-meta":"","header-main-stick-meta":"","header-below-stick-meta":"","astra-migrate-meta-layouts":"default","ast-page-background-enabled":"default","ast-page-background-meta":{"desktop":{"background-color":"","background-image":"","background-repeat":"repeat","background-position":"center center","background-size":"auto","background-attachment":"scroll","background-type":"","background-media":"","overlay-type":"","overlay-color":"","overlay-opacity":"","overlay-gradient":""},"tablet":{"background-color":"","background-image":"","background-repeat":"repeat","background-position":"center center","background-size":"auto","background-attachment":"scroll","background-type":"","background-media":"","overlay-type":"","overlay-color":"","overlay-opacity":"","overlay-gradient":""},"mobile":{"background-color":"","background-image":"","background-repeat":"repeat","background-position":"center center","background-size":"auto","background-attachment":"scroll","background-type":"","background-media":"","overlay-type":"","overlay-color":"","overlay-opacity":"","overlay-gradient":""}},"ast-content-background-meta":{"desktop":{"background-color":"var(--ast-global-color-5)","background-image":"","background-repeat":"repeat","background-position":"center center","background-size":"auto","background-attachment":"scroll","background-type":"","background-media":"","overlay-type":"","overlay-color":"","overlay-opacity":"","overlay-gradient":""},"tablet":{"background-color":"var(--ast-global-color-5)","background-image":"","background-repeat":"repeat","background-position":"center center","background-size":"auto","background-attachment":"scroll","background-type":"","background-media":"","overlay-type":"","overlay-color":"","overlay-opacity":"","overlay-gradient":""},"mobile":{"background-color":"var(--ast-global-color-5)","background-image":"","background-repeat":"repeat","background-position":"center center","background-size":"auto","background-attachment":"scroll","background-type":"","background-media":"","overlay-type":"","overlay-color":"","overlay-opacity":"","overlay-gradient":""}},"footnotes":""},"class_list":["post-886","page","type-page","status-publish","hentry"],"_links":{"self":[{"href":"https:\/\/www.wegalh.sk\/index.php\/wp-json\/wp\/v2\/pages\/886","targetHints":{"allow":["GET"]}}],"collection":[{"href":"https:\/\/www.wegalh.sk\/index.php\/wp-json\/wp\/v2\/pages"}],"about":[{"href":"https:\/\/www.wegalh.sk\/index.php\/wp-json\/wp\/v2\/types\/page"}],"author":[{"embeddable":true,"href":"https:\/\/www.wegalh.sk\/index.php\/wp-json\/wp\/v2\/users\/2"}],"replies":[{"embeddable":true,"href":"https:\/\/www.wegalh.sk\/index.php\/wp-json\/wp\/v2\/comments?post=886"}],"version-history":[{"count":116,"href":"https:\/\/www.wegalh.sk\/index.php\/wp-json\/wp\/v2\/pages\/886\/revisions"}],"predecessor-version":[{"id":3487,"href":"https:\/\/www.wegalh.sk\/index.php\/wp-json\/wp\/v2\/pages\/886\/revisions\/3487"}],"wp:attachment":[{"href":"https:\/\/www.wegalh.sk\/index.php\/wp-json\/wp\/v2\/media?parent=886"}],"curies":[{"name":"wp","href":"https:\/\/api.w.org\/{rel}","templated":true}]}}